{"id":18176,"date":"2024-07-23T12:44:53","date_gmt":"2024-07-23T16:44:53","guid":{"rendered":"https:\/\/gogonew.juancg.ca\/?page_id=16714"},"modified":"2024-08-12T01:10:20","modified_gmt":"2024-08-12T05:10:20","slug":"regles","status":"publish","type":"page","link":"https:\/\/gogosqueez.ca\/fr\/minions\/regles\/","title":{"rendered":"Regles"},"content":{"rendered":"<section class=\"products-header\" style=\"background-color: #FFFFFF;\" data-leftpos=\"-75px\" data-rightpos=\"-120px\">\n\t<div class=\"container\">\n\t\t<div class=\"row justify-content-center align-items-center\">\n\t\t\t<div class=\"col-sm-9 col-12 text-center\">\n\t\t\t\t<h2 class=\"tc-title\">CONCOURS GoGo squeeZ\u00ae Minions<\/h2>\n\t\t\t\t<p class=\"mt-5 tc-content\"><\/p>\n\t\t\t<\/div>\n\t\t<\/div>\n\t<\/div>\n<\/section>\n\n\n<section class=\"\" style=\"background-color: #FFFFFF\">\n\t<div class=\"container\">\n\t\t<div class=\"row justify-content-center align-items-center\">\n\t\t\t<div class=\"col-sm-10 col-12\">\n\t\t\t\t\t\t\t\t<p class=\"mt-5\"><p><strong>CONCOURS GoGo squeeZ\u00ae Minions<\/strong><\/p>\n<p><strong>R\u00e8glement de participation<\/strong><\/p>\n<p><strong>AUCUN ACHAT REQUIS. <\/strong><\/p>\n<ol>\n<li>Le concours est tenu par Materne Canada. (les \u00ab\u00a0Organisateurs du concours\u00a0\u00bb). Il se d\u00e9roule du 12 ao\u00fbt \u00e0 00\u00a0h\u00a000\u00a0min\u00a001\u00a0s (HE) jusqu\u2019\u00e0 23\u00a0h 59 (HE) 59\u00a0s le 15 septembre 2024 (la \u00ab\u00a0Dur\u00e9e du concours\u00a0\u00bb). Universal n\u2019est pas un organisateur du concours.<\/li>\n<\/ol>\n<p><strong><u>ADMISSIBILIT\u00c9<\/u><\/strong><\/p>\n<ol start=\"2\">\n<li>Ce concours s\u2019adresse \u00e0 toute personne r\u00e9sidant au Canada ayant atteint l\u2019\u00e2ge de la majorit\u00e9 dans sa province ou son territoire de r\u00e9sidence au moment de sa participation. Sont exclus les employ\u00e9s, repr\u00e9sentants et mandataires des Organisateurs du concours, de toute entreprise, soci\u00e9t\u00e9, fiducie ou autre entit\u00e9 juridique contr\u00f4l\u00e9e par ou li\u00e9e \u00e0 ceux-ci, de leurs agences de publicit\u00e9 et de promotion, des fournisseurs de mat\u00e9riel et de services li\u00e9s au pr\u00e9sent concours, ainsi que les membres de leur famille imm\u00e9diate (fr\u00e8res, s\u0153urs, enfants, p\u00e8re, m\u00e8re), leur conjoint l\u00e9gal ou de fait et toutes les personnes avec lesquelles ces employ\u00e9s, repr\u00e9sentants et mandataires sont domicili\u00e9s. Afin de participer au concours, les t\u00e9moins (\u00ab\u00a0cookies\u00a0\u00bb) doivent \u00eatre accept\u00e9s.<\/li>\n<\/ol>\n<p><strong><u>COMMENT PARTICIPER<\/u><\/strong><\/p>\n<ol start=\"3\">\n<li>Pour participer au concours, vous devez vous rendre \u00e0 <a href=\"https:\/\/gogosqueez.ca\/?page_id=18168\">https:\/\/gogosqueez.ca\/minions\/en-fr\/<\/a> (le \u00ab\u00a0Site Internet du concours\u00a0\u00bb). Vous pouvez \u00e9galement acc\u00e9der au Site Internet du concours en balayant le code-barres apparaissant sur le mat\u00e9riel li\u00e9 au concours dans les magasins participants. Une fois rendu sur le Site Internet du concours, cliquez sur le bouton de participation \u00ab continuez\u00a0\u00bb. Vous devrez entrer vos coordonn\u00e9es\u00a0: nom, pr\u00e9nom, adresse courriel, num\u00e9ro de t\u00e9l\u00e9phone et province. Vous devez d\u00e9clarer avoir pris connaissance et accepter le r\u00e8glement du concours en cochant la case correspondante. Ensuite, cliquez sur le bouton \u00ab\u00a0Soumettre ma participation\u00a0\u00bb. Vous obtiendrez ainsi une (1) participation au concours.<\/li>\n<li>Participations additionnelles. Vous pouvez \u00e9galement choisir d\u2019entrer les codes CUP des produits participants pour obtenir une (1) participation additionnelle par jour. Les produits participants sont les suivants\u00a0:<\/li>\n<\/ol>\n<p>GoGo squeeZ\u00ae pomme fraise 4 gourdes, 4x90g<\/p>\n<p>GoGo squeeZ\u00ae pomme banane 4 gourdes, 4x90g<\/p>\n<p>GoGo squeeZ\u00ae pomme pomme \u2013 pomme fraise 12 gourdes, 12x90g<\/p>\n<p>GoGo squeeZ\u00ae pomme pomme &#8211; pomme banane 12 gourdes, 12x90g<\/p>\n<p><strong>Limites<\/strong><\/p>\n<ol start=\"5\">\n<li>Les participants doivent respecter les limites suivantes, \u00e0 d\u00e9faut de quoi ils pourraient \u00eatre disqualifi\u00e9s\u00a0:<\/li>\n<\/ol>\n<ul>\n<li>Limite d\u2019une (1) participation par jour soit\u00a0: une (1) participation par adresse courriel et une (1) participation additionnelle en entrant le CUP d\u2019un produit participant;<\/li>\n<li>Utilisation d\u2019une seule adresse courriel par participant lorsqu\u2019un participant en poss\u00e8de plus d\u2019une;<\/li>\n<li>Limite d\u2019un prix par personne et par r\u00e9sidence.<\/li>\n<\/ul>\n<p><strong><u>PRIX<\/u><\/strong><\/p>\n<ol start=\"6\">\n<li>En tout, quinze (15) prix sont offerts, pour une valeur totale approximative au d\u00e9tail (VAD) de 300\u00a0$. Chaque prix comprend\u00a0:<\/li>\n<\/ol>\n<ul>\n<li>Un (1) an de GoGo squeeZ\u00ae gratuits, remis sous la forme de vingt (20) coupons de gratuit\u00e9 donnant droit \u00e0 l\u2019un des produits suivants\u00a0:<\/li>\n<\/ul>\n<ol>\n<li>GoGo squeeZ\u00ae pomme pomme 20 gourdes, 20x90g<\/li>\n<li>GoGo squeeZ\u00ae pomme pomme \u2013 pomme fraise \u2013 pomme banane \u2013 pomme p\u00eache 20 gourdes, 20x90g<\/li>\n<\/ol>\n<ul>\n<li>GoGo squeeZ\u00ae pomme mangue goyave \u2013 pomme p\u00eache \u2013 pomme pomme 20 gourdes, 20x90g<\/li>\n<\/ul>\n<ol>\n<li>GoGo squeeZ\u00ae pomme mangue goyave \u2013 pomme p\u00eache \u2013 pomme bleuet 20 gourdes, 20x90g<\/li>\n<li>GoGo squeeZ\u00ae pomme pomme \u2013 pomme raisin \u2013 pomme petits fruits 20 gourdes, 20x90g<\/li>\n<\/ol>\n<p>soit l\u2019\u00e9quivalent d\u2019une gourde par jour. Chaque coupon de gratuit\u00e9 est d\u2019une valeur maximale approximative de 14,99\u00a0$. Valeur max. de 300\u00a0$;<\/p>\n<ol start=\"7\">\n<li>Les coupons sont \u00e9changeables en \u00e9picerie contre des produits Gogo squeeZ\u00ae dans la limite de la disponibilit\u00e9 des produits en magasin. Les conditions suivantes s\u2019appliquent aux coupons\u00a0:<\/li>\n<\/ol>\n<ul>\n<li>Les coupons expirent le 31 octobre 2025;<\/li>\n<li>Seuls les coupons originaux sont valides; Aucune reproduction;<\/li>\n<li>Limite d\u2019un coupon original par produit;<\/li>\n<li>Ils sont non remboursables ni \u00e9changeables contre leur valeur en argent comptant;<\/li>\n<li>En cas de perte, de vol, de mutilation, d\u2019alt\u00e9ration ou d\u2019utilisation non autoris\u00e9e, ils ne seront pas rembours\u00e9s ni remplac\u00e9s;<\/li>\n<li>Ils ne peuvent \u00eatre combin\u00e9s avec une autre offre ou promotion;<\/li>\n<li>Ils sont assujettis \u00e0 toutes les autres restrictions et conditions applicables apparaissant sur ceux-ci ou qui pourraient \u00eatre communiqu\u00e9es par les Organisateurs du concours.<\/li>\n<\/ul>\n<p><strong>Chances de gagner<\/strong><\/p>\n<ol start=\"8\">\n<li>L\u2019attribution des prix se fait au moyen d\u2019un tirage qui aura lieu le 18 septembre 2024 dans les bureaux de Cri Agence, l\u2019agence des Organisateurs du concours, situ\u00e9s \u00e0 Montr\u00e9al. Les chances de gagner un prix d\u00e9pendent du nombre de participations au concours.<\/li>\n<\/ol>\n<p><strong><u>ATTRIBUTION DES PRIX <\/u><\/strong><\/p>\n<ol start=\"9\">\n<li>Pour \u00eatre d\u00e9clar\u00e9 gagnant, un participant doit\u00a0:<\/li>\n<\/ol>\n<ul>\n<li>\u00catre joint par t\u00e9l\u00e9phone par les repr\u00e9sentants des Organisateurs du concours dans les dix (10) jours ouvrables suivant le tirage;<\/li>\n<li>Remplir et signer le Formulaire de d\u00e9claration qui lui sera transmis par courriel par les Organisateurs du concours \u00e0 l\u2019effet qu\u2019il a respect\u00e9 toutes les conditions pr\u00e9vues au pr\u00e9sent r\u00e8glement et le leur retourner afin qu\u2019ils le re\u00e7oivent dans les dix (10) jours ouvrables suivant sa r\u00e9ception;<\/li>\n<li>R\u00e9pondre correctement \u00e0 la question d\u2019habilet\u00e9 math\u00e9matique administr\u00e9e par les repr\u00e9sentants des Organisateurs du concours \u00e0 une date et un temps opportuns ou sur le Formulaire de d\u00e9claration;<\/li>\n<li>Sur demande et en temps opportun, fournir une pi\u00e8ce d\u2019identit\u00e9 avec photographie.<\/li>\n<\/ul>\n<ol start=\"10\">\n<li>\u00c0 d\u00e9faut de respecter l\u2019une des conditions mentionn\u00e9es au pr\u00e9sent r\u00e8glement ou d\u2019accepter son prix dans le d\u00e9lai imparti, le participant s\u00e9lectionn\u00e9 sera disqualifi\u00e9 et renonce \u00e0 son prix.<\/li>\n<li>Dans un d\u00e9lai allant jusqu\u2019\u00e0 quatre (4) semaines suivant la r\u00e9ception du Formulaire de d\u00e9claration d\u00fbment rempli et sign\u00e9, les Organisateurs du concours transmettront \u00e0 chaque gagnant son prix par la poste.<\/li>\n<\/ol>\n<p><strong><u>CONDITIONS G\u00c9N\u00c9RALES<\/u><\/strong><\/p>\n<ol start=\"12\">\n<li><strong>V\u00e9rification.<\/strong> Les documents permettant la participation au concours et les Formulaires de d\u00e9claration sont sujets \u00e0 v\u00e9rification par les Organisateurs du concours. Tout document qui est, selon le cas, incomplet, illisible, mutil\u00e9, frauduleux, enregistr\u00e9 ou transmis en retard, comprenant une adresse courriel ou un num\u00e9ro de t\u00e9l\u00e9phone invalide, ne comportant pas la bonne r\u00e9ponse \u00e0 la question d\u2019ordre math\u00e9matique ou autrement non conforme, pourra \u00eatre rejet\u00e9 et ne donnera pas droit, selon le cas, \u00e0 une inscription ou \u00e0 un prix.<\/li>\n<li>Les Organisateurs du concours se r\u00e9servent le droit de disqualifier une personne ou d\u2019annuler une ou plusieurs inscriptions d\u2019une personne si elle participe ou tente de participer au pr\u00e9sent concours en utilisant un moyen contraire au pr\u00e9sent r\u00e8glement ou de nature \u00e0 \u00eatre in\u00e9quitable envers les autres participants (p. ex. inscriptions au-del\u00e0 de la limite permise). Cette personne pourrait \u00eatre livr\u00e9e aux autorit\u00e9s judiciaires comp\u00e9tentes.<\/li>\n<\/ol>\n<ol start=\"14\">\n<li><strong>D\u00e9roulement du concours.<\/strong> Toute tentative visant \u00e0 endommager d\u00e9lib\u00e9r\u00e9ment le Site Internet du concours ou tout site y \u00e9tant li\u00e9 ou \u00e0 saboter le d\u00e9roulement l\u00e9gitime du concours constitue une violation des lois civiles et criminelles. Si de telles tentatives \u00e9taient men\u00e9es, les Organisateurs du concours se r\u00e9servent le droit de rejeter les inscriptions du participant et d\u2019obtenir r\u00e9paration en vertu de la loi.<\/li>\n<\/ol>\n<ol start=\"15\">\n<li><strong>Acceptation du prix.<\/strong> Les prix devront \u00eatre accept\u00e9s tels qu\u2019ils sont d\u00e9crits au pr\u00e9sent r\u00e8glement et ne pourront en aucun cas \u00eatre, en totalit\u00e9 ou en partie, transf\u00e9r\u00e9s \u00e0 une autre personne, \u00e9chang\u00e9s pour un autre prix ou contre de l\u2019argent.<\/li>\n<\/ol>\n<ol start=\"16\">\n<li><strong>Limitation de responsabilit\u00e9\u00a0: utilisation du prix.<\/strong> En participant \u00e0 ce concours, tout participant d\u00e9gage de toute responsabilit\u00e9 les Organisateurs du concours, toute entreprise, soci\u00e9t\u00e9, fiducie ou autre entit\u00e9 juridique contr\u00f4l\u00e9e par ou li\u00e9e \u00e0 ceux-ci, leurs agences de publicit\u00e9 et de promotion, leurs employ\u00e9s, repr\u00e9sentants et mandataires (les \u00ab B\u00e9n\u00e9ficiaires \u00bb) de tout dommage qu\u2019il pourrait subir en raison de l\u2019acceptation ou de l\u2019utilisation de son prix.<strong><br \/>\n<\/strong><\/li>\n<\/ol>\n<ol start=\"17\">\n<li><strong>Fonctionnement du site.<\/strong> Les Organisateurs du concours ne garantissent d\u2019aucune fa\u00e7on que le Site Internet du concours ou tout site \u00e9tant li\u00e9 au concours sera accessible ou fonctionnel et sans interruption pendant la Dur\u00e9e du concours ou qu\u2019il sera exempt de toute erreur.<strong><br \/>\n<\/strong><\/li>\n<\/ol>\n<ol start=\"18\">\n<li><strong>Limite de responsabilit\u00e9\u00a0: fonctionnement du concours.<\/strong> Les B\u00e9n\u00e9ficiaires se d\u00e9gagent de toute responsabilit\u00e9 relativement au mauvais fonctionnement du site, de toute composante informatique, de tout logiciel ou de toute ligne de communication, relativement \u00e0 la perte ou \u00e0 l\u2019absence de communication r\u00e9seau ou relativement \u00e0 toute transmission d\u00e9faillante, incompl\u00e8te, incompr\u00e9hensible ou effac\u00e9e par tout ordinateur ou tout r\u00e9seau et qui peut limiter pour toute personne la possibilit\u00e9 de participer au concours ou l\u2019en emp\u00eacher. Les B\u00e9n\u00e9ficiaires se d\u00e9gagent aussi de toute responsabilit\u00e9 pour tout dommage ou toute perte pouvant \u00eatre caus\u00e9, directement ou indirectement, en tout ou en partie, par le t\u00e9l\u00e9chargement de toute page Internet ou de tout logiciel ou autre et par la transmission de toute information visant la participation au concours.<\/li>\n<\/ol>\n<ol start=\"19\">\n<li><strong>Modification du concours.<\/strong> Les Organisateurs du concours se r\u00e9servent le droit, \u00e0 leur enti\u00e8re discr\u00e9tion, d\u2019annuler, de terminer, de modifier ou de suspendre, en tout ou en partie, le pr\u00e9sent concours dans l\u2019\u00e9ventualit\u00e9 o\u00f9 il se manifeste un \u00e9v\u00e9nement ou toute intervention humaine pouvant alt\u00e9rer ou influencer l\u2019administration, la s\u00e9curit\u00e9, l\u2019impartialit\u00e9 ou le d\u00e9roulement du concours tel que pr\u00e9vu dans le pr\u00e9sent r\u00e8glement, et ce, sous r\u00e9serve de l\u2019approbation de la R\u00e9gie des alcools, des courses et des jeux du Qu\u00e9bec, si requise.<\/li>\n<\/ol>\n<ol start=\"20\">\n<li><strong>Fin de la participation au concours.<\/strong> Dans l\u2019\u00e9ventualit\u00e9 o\u00f9 le syst\u00e8me informatique ne fonctionnait pas comme pr\u00e9vu pendant la Dur\u00e9e du concours, et ce, pour quelque raison que ce soit, ou si la participation au concours devait prendre fin en totalit\u00e9 ou en partie avant la date de fin pr\u00e9vue au pr\u00e9sent r\u00e8glement, l\u2019attribution des prix non encore remis pourra \u00eatre effectu\u00e9e au hasard parmi les inscriptions d\u00fbment enregistr\u00e9es pendant la Dur\u00e9e du concours ou jusqu\u2019\u00e0 la date de l\u2019\u00e9v\u00e9nement ayant mis fin \u00e0 la participation.<\/li>\n<\/ol>\n<ol start=\"21\">\n<li><strong>Limite de prix.<\/strong> Dans tous les cas, les Organisateurs du concours ne pourront \u00eatre tenus d\u2019attribuer plus de prix ou d\u2019attribuer un prix autrement que conform\u00e9ment au pr\u00e9sent r\u00e8glement.<\/li>\n<\/ol>\n<ol start=\"22\">\n<li><strong>Limite de responsabilit\u00e9\u00a0: participation au concours.<\/strong> En participant ou en tentant de participer au pr\u00e9sent concours, toute personne d\u00e9gage de toute responsabilit\u00e9 les B\u00e9n\u00e9ficiaires de tout dommage qu\u2019elle pourrait subir en raison de sa participation ou tentative de participation au concours.<\/li>\n<\/ol>\n<ol start=\"23\">\n<li>En prenant part \u00e0 ce concours, tout gagnant d\u2019un prix autorise les Organisateurs du concours et leurs repr\u00e9sentants \u00e0 utiliser, si requis, ses nom, photographie, image, voix, lieu de r\u00e9sidence et\/ou d\u00e9claration relative au prix \u00e0 des fins publicitaires, et ce, sans aucune forme de r\u00e9mun\u00e9ration.<\/li>\n<\/ol>\n<ol start=\"24\">\n<li><strong>Communication avec les participants.<\/strong> Aucune communication ou correspondance ne sera \u00e9chang\u00e9e avec les participants dans le cadre du pr\u00e9sent concours autrement que conform\u00e9ment au pr\u00e9sent r\u00e8glement ou \u00e0 l\u2019initiative des participants.<\/li>\n<\/ol>\n<ol start=\"25\">\n<li><strong>Renseignements personnels.<\/strong> Les renseignements personnels recueillis sur les participants dans le cadre de ce concours seront seulement utilis\u00e9s pour l\u2019administration de ce concours. Aucune communication, commerciale ou autre, non li\u00e9e \u00e0 ce concours ne sera envoy\u00e9e au participant, \u00e0 moins qu\u2019il n\u2019y ait autrement consenti.<\/li>\n<\/ol>\n<ol start=\"26\">\n<li><strong>Propri\u00e9t\u00e9.<\/strong> Les Formulaires de d\u00e9claration sont la propri\u00e9t\u00e9 des Organisateurs du concours et ne seront en aucun cas retourn\u00e9s aux participants.<\/li>\n<\/ol>\n<ol start=\"27\">\n<li><strong>Identification du participant.<\/strong> Aux fins du pr\u00e9sent r\u00e8glement, le participant est la personne dont le nom appara\u00eet sur le Formulaire d\u2019inscription; c\u2019est \u00e0 cette personne que le prix sera remis si elle est d\u00e9clar\u00e9e gagnante.<\/li>\n<\/ol>\n<ol start=\"28\">\n<li><strong>D\u00e9cision des Organisateurs du concours.<\/strong> Toute d\u00e9cision des Organisateurs du concours ou de leurs repr\u00e9sentants quant au pr\u00e9sent concours est finale et sans appel, sous r\u00e9serve de toute d\u00e9cision de la R\u00e9gie des alcools, des courses et des jeux du Qu\u00e9bec, en relation avec toute question relevant de sa comp\u00e9tence.<\/li>\n<\/ol>\n<ol start=\"29\">\n<li><strong>Diff\u00e9rend.<\/strong> Pour les r\u00e9sidents du Qu\u00e9bec, un diff\u00e9rend quant \u00e0 l\u2019organisation ou \u00e0 la conduite d\u2019un concours publicitaire peut \u00eatre soumis \u00e0 la R\u00e9gie des alcools, des courses et des jeux afin qu\u2019il soit tranch\u00e9. Un diff\u00e9rend quant \u00e0 l\u2019attribution du prix peut \u00eatre soumis \u00e0 la R\u00e9gie uniquement aux fins d\u2019une intervention pour tenter de le r\u00e9gler.<\/li>\n<li><strong>Divisibilit\u00e9 des paragraphes.<\/strong> Si un paragraphe de ce r\u00e8glement est d\u00e9clar\u00e9 ou jug\u00e9 ill\u00e9gal, inex\u00e9cutable ou nul par une cour comp\u00e9tente, alors ce paragraphe sera consid\u00e9r\u00e9 comme \u00e9tant nul, mais tous les autres paragraphes qui ne sont pas touch\u00e9s seront appliqu\u00e9s dans les limites permises par la loi.<strong><br \/>\n<\/strong><\/li>\n<\/ol>\n<ol start=\"31\">\n<li>En cas de divergence entre la version fran\u00e7aise et la version anglaise du pr\u00e9sent r\u00e8glement, dans l\u2019\u00e9ventualit\u00e9 o\u00f9 une version anglaise est disponible, la version fran\u00e7aise pr\u00e9vaudra.<\/li>\n<\/ol>\n<p>&nbsp;<\/p>\n<\/p>\n\t\t\t<\/div>\n\t\t<\/div>\n\t<\/div>\n<\/section>\n\n\n<div style=\"height: 150px; background-color: #ffffff\" class=\"\">\n<\/div>","protected":false},"excerpt":{"rendered":"","protected":false},"author":1,"featured_media":0,"parent":18177,"menu_order":0,"comment_status":"closed","ping_status":"closed","template":"","meta":{"_acf_changed":false,"inline_featured_image":false,"footnotes":""},"class_list":["post-18176","page","type-page","status-publish","hentry"],"acf":[],"yoast_head":"<!-- This site is optimized with the Yoast SEO Premium plugin v27.2 (Yoast SEO v27.4) - https:\/\/yoast.com\/product\/yoast-seo-premium-wordpress\/ -->\n<title>Regles - GoGo squeeZ\u00ae<\/title>\n<meta name=\"robots\" content=\"index, follow, max-snippet:-1, max-image-preview:large, max-video-preview:-1\" \/>\n<link rel=\"canonical\" href=\"https:\/\/gogosqueez.ca\/fr\/minions\/regles\/\" \/>\n<meta property=\"og:locale\" content=\"fr_FR\" \/>\n<meta property=\"og:type\" content=\"article\" \/>\n<meta property=\"og:title\" content=\"Regles\" \/>\n<meta property=\"og:url\" content=\"https:\/\/gogosqueez.ca\/fr\/minions\/regles\/\" \/>\n<meta property=\"og:site_name\" content=\"GoGo squeeZ\u00ae\" \/>\n<meta property=\"article:publisher\" content=\"https:\/\/www.facebook.com\/GoGosqueeZCanada\/\" \/>\n<meta property=\"article:modified_time\" content=\"2024-08-12T05:10:20+00:00\" \/>\n<meta name=\"twitter:card\" content=\"summary_large_image\" \/>\n<script type=\"application\/ld+json\" class=\"yoast-schema-graph\">{\"@context\":\"https:\\\/\\\/schema.org\",\"@graph\":[{\"@type\":\"WebPage\",\"@id\":\"https:\\\/\\\/gogosqueez.ca\\\/fr\\\/minions\\\/regles\\\/\",\"url\":\"https:\\\/\\\/gogosqueez.ca\\\/fr\\\/minions\\\/regles\\\/\",\"name\":\"Regles - GoGo squeeZ\u00ae\",\"isPartOf\":{\"@id\":\"https:\\\/\\\/gogosqueez.ca\\\/fr\\\/#website\"},\"datePublished\":\"2024-07-23T16:44:53+00:00\",\"dateModified\":\"2024-08-12T05:10:20+00:00\",\"breadcrumb\":{\"@id\":\"https:\\\/\\\/gogosqueez.ca\\\/fr\\\/minions\\\/regles\\\/#breadcrumb\"},\"inLanguage\":\"fr-FR\",\"potentialAction\":[{\"@type\":\"ReadAction\",\"target\":[\"https:\\\/\\\/gogosqueez.ca\\\/fr\\\/minions\\\/regles\\\/\"]}]},{\"@type\":\"BreadcrumbList\",\"@id\":\"https:\\\/\\\/gogosqueez.ca\\\/fr\\\/minions\\\/regles\\\/#breadcrumb\",\"itemListElement\":[{\"@type\":\"ListItem\",\"position\":1,\"name\":\"Home\",\"item\":\"https:\\\/\\\/gogosqueez.ca\\\/fr\\\/\"},{\"@type\":\"ListItem\",\"position\":2,\"name\":\"Minions\",\"item\":\"https:\\\/\\\/gogosqueez.ca\\\/fr\\\/?page_id=18177\"},{\"@type\":\"ListItem\",\"position\":3,\"name\":\"Regles\"}]},{\"@type\":\"WebSite\",\"@id\":\"https:\\\/\\\/gogosqueez.ca\\\/fr\\\/#website\",\"url\":\"https:\\\/\\\/gogosqueez.ca\\\/fr\\\/\",\"name\":\"GoGo squeeZ\u00ae Canada\",\"description\":\"Fuel Their Next Adventure\",\"publisher\":{\"@id\":\"https:\\\/\\\/gogosqueez.ca\\\/fr\\\/#organization\"},\"potentialAction\":[{\"@type\":\"SearchAction\",\"target\":{\"@type\":\"EntryPoint\",\"urlTemplate\":\"https:\\\/\\\/gogosqueez.ca\\\/fr\\\/?s={search_term_string}\"},\"query-input\":{\"@type\":\"PropertyValueSpecification\",\"valueRequired\":true,\"valueName\":\"search_term_string\"}}],\"inLanguage\":\"fr-FR\"},{\"@type\":\"Organization\",\"@id\":\"https:\\\/\\\/gogosqueez.ca\\\/fr\\\/#organization\",\"name\":\"GoGo squeeZ\u00ae Canada\",\"url\":\"https:\\\/\\\/gogosqueez.ca\\\/fr\\\/\",\"logo\":{\"@type\":\"ImageObject\",\"inLanguage\":\"fr-FR\",\"@id\":\"https:\\\/\\\/gogosqueez.ca\\\/fr\\\/#\\\/schema\\\/logo\\\/image\\\/\",\"url\":\"https:\\\/\\\/gogosqueez.ca\\\/wp-content\\\/uploads\\\/2024\\\/02\\\/GoGo_Logo.webp\",\"contentUrl\":\"https:\\\/\\\/gogosqueez.ca\\\/wp-content\\\/uploads\\\/2024\\\/02\\\/GoGo_Logo.webp\",\"width\":622,\"height\":298,\"caption\":\"GoGo squeeZ\u00ae Canada\"},\"image\":{\"@id\":\"https:\\\/\\\/gogosqueez.ca\\\/fr\\\/#\\\/schema\\\/logo\\\/image\\\/\"},\"sameAs\":[\"https:\\\/\\\/www.facebook.com\\\/GoGosqueeZCanada\\\/\",\"https:\\\/\\\/www.instagram.com\\\/gogosqueezcanada\\\/\",\"https:\\\/\\\/www.pinterest.ca\\\/GoGosqueeZCanada\\\/\"]}]}<\/script>\n<!-- \/ Yoast SEO Premium plugin. -->","yoast_head_json":{"title":"Regles - GoGo squeeZ\u00ae","robots":{"index":"index","follow":"follow","max-snippet":"max-snippet:-1","max-image-preview":"max-image-preview:large","max-video-preview":"max-video-preview:-1"},"canonical":"https:\/\/gogosqueez.ca\/fr\/minions\/regles\/","og_locale":"fr_FR","og_type":"article","og_title":"Regles","og_url":"https:\/\/gogosqueez.ca\/fr\/minions\/regles\/","og_site_name":"GoGo squeeZ\u00ae","article_publisher":"https:\/\/www.facebook.com\/GoGosqueeZCanada\/","article_modified_time":"2024-08-12T05:10:20+00:00","twitter_card":"summary_large_image","schema":{"@context":"https:\/\/schema.org","@graph":[{"@type":"WebPage","@id":"https:\/\/gogosqueez.ca\/fr\/minions\/regles\/","url":"https:\/\/gogosqueez.ca\/fr\/minions\/regles\/","name":"Regles - GoGo squeeZ\u00ae","isPartOf":{"@id":"https:\/\/gogosqueez.ca\/fr\/#website"},"datePublished":"2024-07-23T16:44:53+00:00","dateModified":"2024-08-12T05:10:20+00:00","breadcrumb":{"@id":"https:\/\/gogosqueez.ca\/fr\/minions\/regles\/#breadcrumb"},"inLanguage":"fr-FR","potentialAction":[{"@type":"ReadAction","target":["https:\/\/gogosqueez.ca\/fr\/minions\/regles\/"]}]},{"@type":"BreadcrumbList","@id":"https:\/\/gogosqueez.ca\/fr\/minions\/regles\/#breadcrumb","itemListElement":[{"@type":"ListItem","position":1,"name":"Home","item":"https:\/\/gogosqueez.ca\/fr\/"},{"@type":"ListItem","position":2,"name":"Minions","item":"https:\/\/gogosqueez.ca\/fr\/?page_id=18177"},{"@type":"ListItem","position":3,"name":"Regles"}]},{"@type":"WebSite","@id":"https:\/\/gogosqueez.ca\/fr\/#website","url":"https:\/\/gogosqueez.ca\/fr\/","name":"GoGo squeeZ\u00ae Canada","description":"Fuel Their Next Adventure","publisher":{"@id":"https:\/\/gogosqueez.ca\/fr\/#organization"},"potentialAction":[{"@type":"SearchAction","target":{"@type":"EntryPoint","urlTemplate":"https:\/\/gogosqueez.ca\/fr\/?s={search_term_string}"},"query-input":{"@type":"PropertyValueSpecification","valueRequired":true,"valueName":"search_term_string"}}],"inLanguage":"fr-FR"},{"@type":"Organization","@id":"https:\/\/gogosqueez.ca\/fr\/#organization","name":"GoGo squeeZ\u00ae Canada","url":"https:\/\/gogosqueez.ca\/fr\/","logo":{"@type":"ImageObject","inLanguage":"fr-FR","@id":"https:\/\/gogosqueez.ca\/fr\/#\/schema\/logo\/image\/","url":"https:\/\/gogosqueez.ca\/wp-content\/uploads\/2024\/02\/GoGo_Logo.webp","contentUrl":"https:\/\/gogosqueez.ca\/wp-content\/uploads\/2024\/02\/GoGo_Logo.webp","width":622,"height":298,"caption":"GoGo squeeZ\u00ae Canada"},"image":{"@id":"https:\/\/gogosqueez.ca\/fr\/#\/schema\/logo\/image\/"},"sameAs":["https:\/\/www.facebook.com\/GoGosqueeZCanada\/","https:\/\/www.instagram.com\/gogosqueezcanada\/","https:\/\/www.pinterest.ca\/GoGosqueeZCanada\/"]}]}},"_links":{"self":[{"href":"https:\/\/gogosqueez.ca\/fr\/wp-json\/wp\/v2\/pages\/18176","targetHints":{"allow":["GET"]}}],"collection":[{"href":"https:\/\/gogosqueez.ca\/fr\/wp-json\/wp\/v2\/pages"}],"about":[{"href":"https:\/\/gogosqueez.ca\/fr\/wp-json\/wp\/v2\/types\/page"}],"author":[{"embeddable":true,"href":"https:\/\/gogosqueez.ca\/fr\/wp-json\/wp\/v2\/users\/1"}],"replies":[{"embeddable":true,"href":"https:\/\/gogosqueez.ca\/fr\/wp-json\/wp\/v2\/comments?post=18176"}],"version-history":[{"count":0,"href":"https:\/\/gogosqueez.ca\/fr\/wp-json\/wp\/v2\/pages\/18176\/revisions"}],"up":[{"embeddable":true,"href":"https:\/\/gogosqueez.ca\/fr\/wp-json\/wp\/v2\/pages\/18177"}],"wp:attachment":[{"href":"https:\/\/gogosqueez.ca\/fr\/wp-json\/wp\/v2\/media?parent=18176"}],"curies":[{"name":"wp","href":"https:\/\/api.w.org\/{rel}","templated":true}]}}