{"id":7565,"date":"2021-12-20T12:43:18","date_gmt":"2021-12-20T17:43:18","guid":{"rendered":"https:\/\/gogosqueezca.wpengine.com\/zone-des-parents\/"},"modified":"2022-02-27T20:00:10","modified_gmt":"2022-02-28T01:00:10","slug":"zone-des-parents","status":"publish","type":"page","link":"https:\/\/gogosqueez.ca\/fr\/zone-des-parents\/","title":{"rendered":"Zone des parents"},"content":{"rendered":"<section class=\"products-header\" style=\"background-color: #faf6f0;\" data-leftpos=\"-75px\" data-rightpos=\"-120px\">\n\t<div class=\"container\">\n\t\t<div class=\"row justify-content-center align-items-center\">\n\t\t\t<div class=\"col-sm-9 col-12 text-center\">\n\t\t\t\t<h2 class=\"tc-title\">Zone des parents<\/h2>\n\t\t\t\t<p class=\"mt-5 tc-content\"><\/p>\n\t\t\t<\/div>\n\t\t<\/div>\n\t<\/div>\n<\/section>\n\n\n\n<section class=\"two-column-image \" style=\"background-color: #faf6f0;\" data-leftpos=\"-75px\" data-rightpos=\"-120px\">\n\t<div class=\"container\">\n\n\t\t\t<div class=\"w-75 mx-auto\">\n\t\t<div class=\"row justify-content-center align-items-center pt-5 pb-5\">\n\t\t\t<div class=\"col-sm-6 order-sm-1\">\n\t\t\t\t\t\t\t\t\t<h2 class=\"w-100 text-center text-sm-left\">Recettes<\/h2>\n\t\t\t\t\t\t\t\t\t\t\t\t\t<div class=\"w-100 text-center text-sm-left\"><p>Nos gourdes sur le pouce sont id\u00e9ales pour de d\u00e9licieuses collations \u00e0 la maison. D\u00e9couvrez toutes les recettes GoGo squeeZ\u00ae et essayez quelque chose de nouveau! <\/p>\n<\/div>\n\t\t\t\t\t\t\t\t\t\t\t\t\t<p class=\"d-none d-sm-block\"><a href=\"https:\/\/gogosqueezca.wpengine.com\/fr\/recettes\/\" class=\"btn \" style=\"\" target=\"\">Recettes<\/a><\/p>\n\t\t\t\t\t\t\t\t\n\t\t\t<\/div>\t\t\n\t\t\t<div class=\"col-sm-6 text-right order-sm-2\">\n\n\t\t\t\t<div class=\"img-characters-wrapper\">\n\t\t\t\t\t<figure class=\"position-relative w-75 text-center text-sm-left\">\n\t\t\t\t\t\t<img decoding=\"async\" src=\"https:\/\/gogosqueez.ca\/wp-content\/uploads\/2022\/01\/Skillet-Peach-Crisp.jpg\" class=\"img-fluid\"\/>\n\n\t\t\t\t\t\t\t\t\t\t\t<\/figure>\n\t\t\t\t<\/div>\n\t\t\t\t\t\t\t\t\t<p class=\"text-center d-block d-sm-none mt-5 mt-sm-0\"><a href=\"https:\/\/gogosqueezca.wpengine.com\/fr\/recettes\/\" class=\"btn \" style=\"\" target=\"\">Recettes<\/a><\/p>\n\t\t\t\t\t\t\t\t\t\n\t\t\t<\/div>\n\t\t<\/div>\n\t<\/div>\n\n\t\t\t<div class=\"w-75 mx-auto\">\n\t\t<div class=\"row justify-content-center align-items-center pt-5 pb-5\">\n\t\t\t<div class=\"col-sm-6 order-sm-2\">\n\t\t\t\t\t\t\t\t\t<h2 class=\"w-100 text-center text-sm-left\">Mode de vie sain<\/h2>\n\t\t\t\t\t\t\t\t\t\t\t\t\t<div class=\"w-100 text-center text-sm-left\"><p>La sant\u00e9 commence ici. Notre but est que les enfants deviennent un peu plus en sant\u00e9 et heureux tous les jours en nourrissant leurs jeunes esprits et corps. Consultez notre blogue pour obtenir des trucs et astuces.<\/p>\n<\/div>\n\t\t\t\t\t\t\t\t\t\t\t\t\t<p class=\"d-none d-sm-block\"><a href=\"https:\/\/gogosqueezca.wpengine.com\/fr\/mode-de-vie-sain\/\" class=\"btn \" style=\"\" target=\"\">Mode de vie sain<\/a><\/p>\n\t\t\t\t\t\t\t\t\n\t\t\t<\/div>\t\t\n\t\t\t<div class=\"col-sm-6 text-right order-sm-1\">\n\n\t\t\t\t<div class=\"img-characters-wrapper\">\n\t\t\t\t\t<figure class=\"position-relative w-75 text-center text-sm-left\">\n\t\t\t\t\t\t<img decoding=\"async\" src=\"https:\/\/gogosqueez.ca\/wp-content\/uploads\/2021\/12\/newmom.png\" class=\"img-fluid\"\/>\n\n\t\t\t\t\t\t\t\t\t\t\t<\/figure>\n\t\t\t\t<\/div>\n\t\t\t\t\t\t\t\t\t<p class=\"text-center d-block d-sm-none mt-5 mt-sm-0\"><a href=\"https:\/\/gogosqueezca.wpengine.com\/fr\/mode-de-vie-sain\/\" class=\"btn \" style=\"\" target=\"\">Mode de vie sain<\/a><\/p>\n\t\t\t\t\t\t\t\t\t\n\t\t\t<\/div>\n\t\t<\/div>\n\t<\/div>\n\n\t\n\t<\/div>\n<\/section>\n\n\n<div style=\"height: 100px; background-color: #faf6f0\" class=\"\">\n<\/div>","protected":false},"excerpt":{"rendered":"","protected":false},"author":1,"featured_media":0,"parent":0,"menu_order":0,"comment_status":"closed","ping_status":"closed","template":"","meta":{"_acf_changed":false,"inline_featured_image":false,"footnotes":""},"class_list":["post-7565","page","type-page","status-publish","hentry"],"acf":[],"yoast_head":"<!-- This site is optimized with the Yoast SEO Premium plugin v27.2 (Yoast SEO v27.3) - https:\/\/yoast.com\/product\/yoast-seo-premium-wordpress\/ -->\n<title>Zone des parents - GoGo squeeZ\u00ae<\/title>\n<meta name=\"robots\" content=\"index, follow, max-snippet:-1, max-image-preview:large, max-video-preview:-1\" \/>\n<link rel=\"canonical\" href=\"https:\/\/gogosqueez.ca\/fr\/zone-des-parents\/\" \/>\n<meta property=\"og:locale\" content=\"fr_FR\" \/>\n<meta property=\"og:type\" content=\"article\" \/>\n<meta property=\"og:title\" content=\"Zone des parents\" \/>\n<meta property=\"og:url\" content=\"https:\/\/gogosqueez.ca\/fr\/zone-des-parents\/\" \/>\n<meta property=\"og:site_name\" content=\"GoGo squeeZ\u00ae\" \/>\n<meta property=\"article:publisher\" content=\"https:\/\/www.facebook.com\/GoGosqueeZCanada\/\" \/>\n<meta property=\"article:modified_time\" content=\"2022-02-28T01:00:10+00:00\" \/>\n<meta name=\"twitter:card\" content=\"summary_large_image\" \/>\n<script type=\"application\/ld+json\" class=\"yoast-schema-graph\">{\"@context\":\"https:\\\/\\\/schema.org\",\"@graph\":[{\"@type\":\"WebPage\",\"@id\":\"https:\\\/\\\/gogosqueez.ca\\\/fr\\\/zone-des-parents\\\/\",\"url\":\"https:\\\/\\\/gogosqueez.ca\\\/fr\\\/zone-des-parents\\\/\",\"name\":\"Zone des parents - GoGo squeeZ\u00ae\",\"isPartOf\":{\"@id\":\"https:\\\/\\\/gogosqueez.ca\\\/fr\\\/#website\"},\"datePublished\":\"2021-12-20T17:43:18+00:00\",\"dateModified\":\"2022-02-28T01:00:10+00:00\",\"breadcrumb\":{\"@id\":\"https:\\\/\\\/gogosqueez.ca\\\/fr\\\/zone-des-parents\\\/#breadcrumb\"},\"inLanguage\":\"fr-FR\",\"potentialAction\":[{\"@type\":\"ReadAction\",\"target\":[\"https:\\\/\\\/gogosqueez.ca\\\/fr\\\/zone-des-parents\\\/\"]}]},{\"@type\":\"BreadcrumbList\",\"@id\":\"https:\\\/\\\/gogosqueez.ca\\\/fr\\\/zone-des-parents\\\/#breadcrumb\",\"itemListElement\":[{\"@type\":\"ListItem\",\"position\":1,\"name\":\"Home\",\"item\":\"https:\\\/\\\/gogosqueez.ca\\\/fr\\\/\"},{\"@type\":\"ListItem\",\"position\":2,\"name\":\"Zone des parents\"}]},{\"@type\":\"WebSite\",\"@id\":\"https:\\\/\\\/gogosqueez.ca\\\/fr\\\/#website\",\"url\":\"https:\\\/\\\/gogosqueez.ca\\\/fr\\\/\",\"name\":\"GoGo squeeZ\u00ae Canada\",\"description\":\"Fuel Their Next Adventure\",\"publisher\":{\"@id\":\"https:\\\/\\\/gogosqueez.ca\\\/fr\\\/#organization\"},\"potentialAction\":[{\"@type\":\"SearchAction\",\"target\":{\"@type\":\"EntryPoint\",\"urlTemplate\":\"https:\\\/\\\/gogosqueez.ca\\\/fr\\\/?s={search_term_string}\"},\"query-input\":{\"@type\":\"PropertyValueSpecification\",\"valueRequired\":true,\"valueName\":\"search_term_string\"}}],\"inLanguage\":\"fr-FR\"},{\"@type\":\"Organization\",\"@id\":\"https:\\\/\\\/gogosqueez.ca\\\/fr\\\/#organization\",\"name\":\"GoGo squeeZ\u00ae Canada\",\"url\":\"https:\\\/\\\/gogosqueez.ca\\\/fr\\\/\",\"logo\":{\"@type\":\"ImageObject\",\"inLanguage\":\"fr-FR\",\"@id\":\"https:\\\/\\\/gogosqueez.ca\\\/fr\\\/#\\\/schema\\\/logo\\\/image\\\/\",\"url\":\"https:\\\/\\\/gogosqueez.ca\\\/wp-content\\\/uploads\\\/2024\\\/02\\\/GoGo_Logo.webp\",\"contentUrl\":\"https:\\\/\\\/gogosqueez.ca\\\/wp-content\\\/uploads\\\/2024\\\/02\\\/GoGo_Logo.webp\",\"width\":622,\"height\":298,\"caption\":\"GoGo squeeZ\u00ae Canada\"},\"image\":{\"@id\":\"https:\\\/\\\/gogosqueez.ca\\\/fr\\\/#\\\/schema\\\/logo\\\/image\\\/\"},\"sameAs\":[\"https:\\\/\\\/www.facebook.com\\\/GoGosqueeZCanada\\\/\",\"https:\\\/\\\/www.instagram.com\\\/gogosqueezcanada\\\/\",\"https:\\\/\\\/www.pinterest.ca\\\/GoGosqueeZCanada\\\/\"]}]}<\/script>\n<!-- \/ Yoast SEO Premium plugin. -->","yoast_head_json":{"title":"Zone des parents - GoGo squeeZ\u00ae","robots":{"index":"index","follow":"follow","max-snippet":"max-snippet:-1","max-image-preview":"max-image-preview:large","max-video-preview":"max-video-preview:-1"},"canonical":"https:\/\/gogosqueez.ca\/fr\/zone-des-parents\/","og_locale":"fr_FR","og_type":"article","og_title":"Zone des parents","og_url":"https:\/\/gogosqueez.ca\/fr\/zone-des-parents\/","og_site_name":"GoGo squeeZ\u00ae","article_publisher":"https:\/\/www.facebook.com\/GoGosqueeZCanada\/","article_modified_time":"2022-02-28T01:00:10+00:00","twitter_card":"summary_large_image","schema":{"@context":"https:\/\/schema.org","@graph":[{"@type":"WebPage","@id":"https:\/\/gogosqueez.ca\/fr\/zone-des-parents\/","url":"https:\/\/gogosqueez.ca\/fr\/zone-des-parents\/","name":"Zone des parents - GoGo squeeZ\u00ae","isPartOf":{"@id":"https:\/\/gogosqueez.ca\/fr\/#website"},"datePublished":"2021-12-20T17:43:18+00:00","dateModified":"2022-02-28T01:00:10+00:00","breadcrumb":{"@id":"https:\/\/gogosqueez.ca\/fr\/zone-des-parents\/#breadcrumb"},"inLanguage":"fr-FR","potentialAction":[{"@type":"ReadAction","target":["https:\/\/gogosqueez.ca\/fr\/zone-des-parents\/"]}]},{"@type":"BreadcrumbList","@id":"https:\/\/gogosqueez.ca\/fr\/zone-des-parents\/#breadcrumb","itemListElement":[{"@type":"ListItem","position":1,"name":"Home","item":"https:\/\/gogosqueez.ca\/fr\/"},{"@type":"ListItem","position":2,"name":"Zone des parents"}]},{"@type":"WebSite","@id":"https:\/\/gogosqueez.ca\/fr\/#website","url":"https:\/\/gogosqueez.ca\/fr\/","name":"GoGo squeeZ\u00ae Canada","description":"Fuel Their Next Adventure","publisher":{"@id":"https:\/\/gogosqueez.ca\/fr\/#organization"},"potentialAction":[{"@type":"SearchAction","target":{"@type":"EntryPoint","urlTemplate":"https:\/\/gogosqueez.ca\/fr\/?s={search_term_string}"},"query-input":{"@type":"PropertyValueSpecification","valueRequired":true,"valueName":"search_term_string"}}],"inLanguage":"fr-FR"},{"@type":"Organization","@id":"https:\/\/gogosqueez.ca\/fr\/#organization","name":"GoGo squeeZ\u00ae Canada","url":"https:\/\/gogosqueez.ca\/fr\/","logo":{"@type":"ImageObject","inLanguage":"fr-FR","@id":"https:\/\/gogosqueez.ca\/fr\/#\/schema\/logo\/image\/","url":"https:\/\/gogosqueez.ca\/wp-content\/uploads\/2024\/02\/GoGo_Logo.webp","contentUrl":"https:\/\/gogosqueez.ca\/wp-content\/uploads\/2024\/02\/GoGo_Logo.webp","width":622,"height":298,"caption":"GoGo squeeZ\u00ae Canada"},"image":{"@id":"https:\/\/gogosqueez.ca\/fr\/#\/schema\/logo\/image\/"},"sameAs":["https:\/\/www.facebook.com\/GoGosqueeZCanada\/","https:\/\/www.instagram.com\/gogosqueezcanada\/","https:\/\/www.pinterest.ca\/GoGosqueeZCanada\/"]}]}},"_links":{"self":[{"href":"https:\/\/gogosqueez.ca\/fr\/wp-json\/wp\/v2\/pages\/7565","targetHints":{"allow":["GET"]}}],"collection":[{"href":"https:\/\/gogosqueez.ca\/fr\/wp-json\/wp\/v2\/pages"}],"about":[{"href":"https:\/\/gogosqueez.ca\/fr\/wp-json\/wp\/v2\/types\/page"}],"author":[{"embeddable":true,"href":"https:\/\/gogosqueez.ca\/fr\/wp-json\/wp\/v2\/users\/1"}],"replies":[{"embeddable":true,"href":"https:\/\/gogosqueez.ca\/fr\/wp-json\/wp\/v2\/comments?post=7565"}],"version-history":[{"count":0,"href":"https:\/\/gogosqueez.ca\/fr\/wp-json\/wp\/v2\/pages\/7565\/revisions"}],"wp:attachment":[{"href":"https:\/\/gogosqueez.ca\/fr\/wp-json\/wp\/v2\/media?parent=7565"}],"curies":[{"name":"wp","href":"https:\/\/api.w.org\/{rel}","templated":true}]}}