{"id":7568,"date":"2021-12-21T00:39:36","date_gmt":"2021-12-21T05:39:36","guid":{"rendered":"https:\/\/gogosqueezca.wpengine.com\/faq\/"},"modified":"2022-02-03T16:29:47","modified_gmt":"2022-02-03T21:29:47","slug":"faq","status":"publish","type":"page","link":"https:\/\/gogosqueez.ca\/fr\/faq\/","title":{"rendered":"FAQ"},"content":{"rendered":"<section class=\"products-header\" style=\"background-color: #f9f6f1;\" data-leftpos=\"-75px\" data-rightpos=\"-120px\">\n\t<div class=\"container\">\n\t\t<div class=\"row justify-content-center align-items-center\">\n\t\t\t<div class=\"col-sm-9 col-12 text-center\">\n\t\t\t\t<h2 class=\"tc-title\">Des questions?<\/h2>\n\t\t\t\t<p class=\"mt-5 tc-content\">Obtenez des r\u00e9ponses aux questions fr\u00e9quemment pos\u00e9es au sujet de GoGo squeeZ<sup>\u00ae<\/sup>, de nos produits, ingr\u00e9dients, emballages et bien plus. Vous ne trouvez pas de r\u00e9ponse \u00e0 votre question? N\u2019h\u00e9sitez pas \u00e0 communiquer avec nous via les m\u00e9dias sociaux ou utilisez notre formulaire de contact pour nous rejoindre. Nous serons ravis de vous aider. <\/p>\n\t\t\t<\/div>\n\t\t<\/div>\n\t<\/div>\n<\/section>\n\n<section class=\"faq-list parallaxBackground\" style=\"background-color: #f9f6f1;background-image: url(https:\/\/gogosqueez.ca\/wp-content\/uploads\/2022\/01\/float-fruit-right.png),url(https:\/\/gogosqueez.ca\/wp-content\/uploads\/2022\/01\/float-fruit-left.png);\"  data-leftpos=\"-75px\" data-rightpos=\"-120px\">\n\t<div class=\"container\">\n\t\t\t<div class=\"row justify-content-center\">\n\t\t\t<div class=\"col-12 col-sm-8\">\n\t\t\t\t<h2 class=\"text-center\">Questions g\u00e9n\u00e9rales<\/h2>\n\t\t\t\t<div class=\"row\">\n\t\t\t\t<div class=\"col-12\">\n\t\t\t\t\t<div class=\"faq-item mb-4 pb-4\">\n\t\t\t\t\t\t<b>Quelle est la meilleure temp\u00e9rature pour servir GoGo squeeZ<sup>\u00ae<\/sup>? <\/b>\n\t\t\t\t\t\t<div class=\"faq-answer mt-4\">\n\t\t\t\t\t\t\tLa temp\u00e9rature optimale est de 68 \u00e0 77 degr\u00e9s F (20 \u00e0 25 degr\u00e9s Celsius) ou simplement \u00e0 la temp\u00e9rature ambiante. \t\t\t\t\t\t<\/div>\n\t\t\t\t\t<\/div>\n\t\t\t\t<\/div>\n\t\t\t<\/div>\t\t\t\t<div class=\"row\">\n\t\t\t\t<div class=\"col-12\">\n\t\t\t\t\t<div class=\"faq-item mb-4 pb-4\">\n\t\t\t\t\t\t<b>Quelle est en g\u00e9n\u00e9ral la dur\u00e9e de conservation de GoGo squeeZ<sup>\u00ae<\/sup>? <\/b>\n\t\t\t\t\t\t<div class=\"faq-answer mt-4\">\n\t\t\t\t\t\t\tChaque gourde poss\u00e8de une dur\u00e9e de conservation de 12 mois \u00e0 partir de la date de fabrication. V\u00e9rifiez la date \u00ab meilleur avant \u00bb indiqu\u00e9e au dos de chaque gourde.  \t\t\t\t\t\t<\/div>\n\t\t\t\t\t<\/div>\n\t\t\t\t<\/div>\n\t\t\t<\/div>\t\t\t\t\t\t\t<\/div>\n\t\t<\/div>\n\t\t\t<div class=\"row justify-content-center\">\n\t\t\t<div class=\"col-12 col-sm-8\">\n\t\t\t\t<h2 class=\"text-center\">Ingr\u00e9dients<\/h2>\n\t\t\t\t<div class=\"row\">\n\t\t\t\t<div class=\"col-12\">\n\t\t\t\t\t<div class=\"faq-item mb-4 pb-4\">\n\t\t\t\t\t\t<b>Je vois que vous avez ajout\u00e9 du jus de citron concentr\u00e9 dans certaines de vos gourdes. Qu\u2019est-ce qui vous a incit\u00e9 \u00e0 modifier votre formule pour ajouter du jus de citron?  <\/b>\n\t\t\t\t\t\t<div class=\"faq-answer mt-4\">\n\t\t\t\t\t\t\tDame Nature donne \u00e0 chaque pomme sa propre personnalit\u00e9 avec diff\u00e9rents degr\u00e9s d\u2019acidit\u00e9, alors au besoin, nous ajoutons un peu de jus de citron pour obtenir naturellement un niveau constant d\u2019acidit\u00e9 dans nos produits. \t\t\t\t\t\t<\/div>\n\t\t\t\t\t<\/div>\n\t\t\t\t<\/div>\n\t\t\t<\/div>\t\t\t\t<div class=\"row\">\n\t\t\t\t<div class=\"col-12\">\n\t\t\t\t\t<div class=\"faq-item mb-4 pb-4\">\n\t\t\t\t\t\t<b>Est-ce que vos produits contiennent des allerg\u00e8nes importants? <\/b>\n\t\t\t\t\t\t<div class=\"faq-answer mt-4\">\n\t\t\t\t\t\t\tTous les produits en compote de fruits de GoGo squeeZ\u00ae sont exempts des 11 principaux allerg\u00e8nes\u202f: \u0153uf, produits laitiers, bl\u00e9, noix, fruits de mer, mollusques et crustac\u00e9s, arachide, moutarde, sulfites, s\u00e9same ou soja. Les produits en compote de fruits de GoGo squeeZ\u00ae sont fabriqu\u00e9s dans une usine aussi exempte des allerg\u00e8nes susmentionn\u00e9s. \t\t\t\t\t\t<\/div>\n\t\t\t\t\t<\/div>\n\t\t\t\t<\/div>\n\t\t\t<\/div>\t\t\t\t<div class=\"row\">\n\t\t\t\t<div class=\"col-12\">\n\t\t\t\t\t<div class=\"faq-item mb-4 pb-4\">\n\t\t\t\t\t\t<b>Est-ce que tous les produits GoGo squeeZ<sup>\u00ae<\/sup> sont casher? <\/b>\n\t\t\t\t\t\t<div class=\"faq-answer mt-4\">\n\t\t\t\t\t\t\tLes produits GoGo squeeZ<sup>\u00ae<\/sup> sont tous certifi\u00e9s casher par l\u2019organisme OU Kosher, le plus important organisme de certification casher au monde. \t\t\t\t\t\t<\/div>\n\t\t\t\t\t<\/div>\n\t\t\t\t<\/div>\n\t\t\t<\/div>\t\t\t\t\t\t\t<\/div>\n\t\t<\/div>\n\t\t\t<div class=\"row justify-content-center\">\n\t\t\t<div class=\"col-12 col-sm-8\">\n\t\t\t\t<h2 class=\"text-center\">Notre nouveau bouchon<\/h2>\n\t\t\t\t<div class=\"row\">\n\t\t\t\t<div class=\"col-12\">\n\t\t\t\t\t<div class=\"faq-item mb-4 pb-4\">\n\t\t\t\t\t\t<b>Pourquoi les bouchons de vos gourdes sont-ils diff\u00e9rents de ceux auxquels je suis habitu\u00e9e? <\/b>\n\t\t\t\t\t\t<div class=\"faq-answer mt-4\">\n\t\t\t\t\t\t\tChez Gogo squeeZ<sup>\u00ae<\/sup>, nous sommes toujours \u00e0 la recherche de fa\u00e7on d\u2019am\u00e9liorer nos produits, notre emballage et notre impact sur l\u2019environnement et la communaut\u00e9 gr\u00e2ce \u00e0 des investissements continus en mati\u00e8re de durabilit\u00e9. \u00c0 cet \u00e9gard, nous avons \u00e9labor\u00e9 un nouveau bouchon qui utilise 40 % moins de plastique que nos bouchons originaux en forme d&rsquo;h\u00e9licopt\u00e8re.  \t\t\t\t\t\t<\/div>\n\t\t\t\t\t<\/div>\n\t\t\t\t<\/div>\n\t\t\t<\/div>\t\t\t\t<div class=\"row\">\n\t\t\t\t<div class=\"col-12\">\n\t\t\t\t\t<div class=\"faq-item mb-4 pb-4\">\n\t\t\t\t\t\t<b>Les bouchons sont-ils encore refermables? <\/b>\n\t\t\t\t\t\t<div class=\"faq-answer mt-4\">\n\t\t\t\t\t\t\tOui! M\u00eame si les nouveaux bouchons se ferment avec un clic plut\u00f4t qu\u2019en les vissant, ils sont encore refermables.  \t\t\t\t\t\t<\/div>\n\t\t\t\t\t<\/div>\n\t\t\t\t<\/div>\n\t\t\t<\/div>\t\t\t\t<div class=\"row\">\n\t\t\t\t<div class=\"col-12\">\n\t\t\t\t\t<div class=\"faq-item mb-4 pb-4\">\n\t\t\t\t\t\t<b>Est-ce que tous les produits seront munis du nouveau bouchon? <\/b>\n\t\t\t\t\t\t<div class=\"faq-answer mt-4\">\n\t\t\t\t\t\t\tCe sera un processus graduel, mais notre objectif est de finir par munir tous nos produits du nouveau bouchon. \t\t\t\t\t\t<\/div>\n\t\t\t\t\t<\/div>\n\t\t\t\t<\/div>\n\t\t\t<\/div>\t\t\t\t<div class=\"row\">\n\t\t\t\t<div class=\"col-12\">\n\t\t\t\t\t<div class=\"faq-item mb-4 pb-4\">\n\t\t\t\t\t\t<b>Pourquoi y a-t-il d\u2019anciens bouchons sur certains produits que j\u2019ai achet\u00e9s, mais des nouveaux sur d\u2019autres? <\/b>\n\t\t\t\t\t\t<div class=\"faq-answer mt-4\">\n\t\t\t\t\t\t\tBonne question! Notre objectif est de munir tous nos produits du nouveau bouchon, mais c\u2019est un processus graduel qui n\u00e9cessite une planification soigneuse. Alors que nous nous effor\u00e7ons d\u2019effectuer cette transition, vous verrez le nouveau bouchon sur de plus en plus de gourdes sur les tablettes des magasins.   \t\t\t\t\t\t<\/div>\n\t\t\t\t\t<\/div>\n\t\t\t\t<\/div>\n\t\t\t<\/div>\t\t\t\t<div class=\"row\">\n\t\t\t\t<div class=\"col-12\">\n\t\t\t\t\t<div class=\"faq-item mb-4 pb-4\">\n\t\t\t\t\t\t<b>Est-ce que les nouveaux bouchons sont recyclables? <\/b>\n\t\t\t\t\t\t<div class=\"faq-answer mt-4\">\n\t\t\t\t\t\t\tLes bouchons sont faits \u00e0 partir de mat\u00e9riaux recycl\u00e9s, mais nous vous conseillons de v\u00e9rifier avec votre municipalit\u00e9 pour vous assurer qu\u2019elle les accepte. Les bouchons sont aussi accept\u00e9s par Terracycle\u00ae. \t\t\t\t\t\t<\/div>\n\t\t\t\t\t<\/div>\n\t\t\t\t<\/div>\n\t\t\t<\/div>\t\t\t\t<div class=\"row\">\n\t\t\t\t<div class=\"col-12\">\n\t\t\t\t\t<div class=\"faq-item mb-4 pb-4\">\n\t\t\t\t\t\t<b>Est-ce que le produit peut couler si je le referme \u00e0 l\u2019aide du nouveau bouchon et que je le mets dans mon sac? <\/b>\n\t\t\t\t\t\t<div class=\"faq-answer mt-4\">\n\t\t\t\t\t\t\tNon, il ne devrait pas couler. Nous avons effectu\u00e9 des essais approfondis : nous avons m\u00eame lanc\u00e9 des gourdes dans un sac, et nous sommes fiers de signaler qu\u2019il ne se r\u00e9ouvre pas! Comme avant : pas d\u2019ustensile, pas de g\u00e2chis!   \t\t\t\t\t\t<\/div>\n\t\t\t\t\t<\/div>\n\t\t\t\t<\/div>\n\t\t\t<\/div>\t\t\t\t\t\t\t<\/div>\n\t\t<\/div>\n\t\t\t<div class=\"row justify-content-center\">\n\t\t\t<div class=\"col-12 col-sm-8\">\n\t\t\t\t<h2 class=\"text-center\">Emballage<\/h2>\n\t\t\t\t<div class=\"row\">\n\t\t\t\t<div class=\"col-12\">\n\t\t\t\t\t<div class=\"faq-item mb-4 pb-4\">\n\t\t\t\t\t\t<b>Est-ce que les gourdes GoGo squeeZ<sup>\u00ae<\/sup> sont recyclables? <\/b>\n\t\t\t\t\t\t<div class=\"faq-answer mt-4\">\n\t\t\t\t\t\t\tGoGo squeeZ<sup>\u00ae<\/sup> s\u2019est associ\u00e9 avec la compagnie pionni\u00e8re en mati\u00e8re de r\u00e9utilisation et de recyclage TerraCycle<sup>\u00ae<\/sup>Inc., afin de permettre aux familles de r\u00e9utiliser leurs gourdes. Les programmes de TerraCycle proposent aux personnes de recueillir et de r\u00e9utiliser les emballages de leurs produits de tous les jours et de contribuer \u00e0 la cr\u00e9ation de nouveaux articles \u00e9cologiques \u00e0 partir des d\u00e9chets postconsommation. Pour en apprendre davantage et pour vous abonner, veuillez visiter la page de nos partenaires.   \t\t\t\t\t\t<\/div>\n\t\t\t\t\t<\/div>\n\t\t\t\t<\/div>\n\t\t\t<\/div>\t\t\t\t<div class=\"row\">\n\t\t\t\t<div class=\"col-12\">\n\t\t\t\t\t<div class=\"faq-item mb-4 pb-4\">\n\t\t\t\t\t\t<b>De quoi est-elle faite la paroi int\u00e9rieure de la gourde? <\/b>\n\t\t\t\t\t\t<div class=\"faq-answer mt-4\">\n\t\t\t\t\t\t\tLa paroi int\u00e9rieure de nos gourdes GoGo squeeZ<sup>\u00ae<\/sup> est faite de poly\u00e9thyl\u00e8ne \u2015 un mat\u00e9riau inerte et s\u00e9curitaire qui est utilis\u00e9 de nos jours pour plusieurs bouchons sur les bouteilles en plastique. \t\t\t\t\t\t<\/div>\n\t\t\t\t\t<\/div>\n\t\t\t\t<\/div>\n\t\t\t<\/div>\t\t\t\t<div class=\"row\">\n\t\t\t\t<div class=\"col-12\">\n\t\t\t\t\t<div class=\"faq-item mb-4 pb-4\">\n\t\t\t\t\t\t<b>Est-ce que les gourdes GoGo squeeZ<sup>\u00ae<\/sup> contiennent du BPA? <\/b>\n\t\t\t\t\t\t<div class=\"faq-answer mt-4\">\n\t\t\t\t\t\t\tNon! Tous nos emballages et toutes nos gourdes sont exempts de BPA et de phtalate.  \t\t\t\t\t\t<\/div>\n\t\t\t\t\t<\/div>\n\t\t\t\t<\/div>\n\t\t\t<\/div>\t\t\t\t\t\t\t<\/div>\n\t\t<\/div>\n\t\t\t<div class=\"row justify-content-center\">\n\t\t\t<div class=\"col-12 col-sm-8\">\n\t\t\t\t<h2 class=\"text-center\">Salubrit\u00e9 alimentaire<\/h2>\n\t\t\t\t<div class=\"row\">\n\t\t\t\t<div class=\"col-12\">\n\t\t\t\t\t<div class=\"faq-item mb-4 pb-4\">\n\t\t\t\t\t\t<b>GoGo squeeZ<sup>\u00ae<\/sup> est-il s\u00e9curitaire pour les enfants de tout \u00e2ge? <\/b>\n\t\t\t\t\t\t<div class=\"faq-answer mt-4\">\n\t\t\t\t\t\t\tLes enfants (et les adultes) de plus de trois ans peuvent d\u00e9guster GoGo squeeZ<sup>\u00ae<\/sup> \u00e0 la maison, \u00e0 l\u2019\u00e9cole ou peu importe o\u00f9 ils vont. Par contre, les gourdes GoGo squeeZ<sup>\u00ae<\/sup> sont dot\u00e9es d\u2019un bouchon refermable qui ne convient pas \u00e0 des enfants sans supervision de moins de trois ans.  \t\t\t\t\t\t<\/div>\n\t\t\t\t\t<\/div>\n\t\t\t\t<\/div>\n\t\t\t<\/div>\t\t\t\t<div class=\"row\">\n\t\t\t\t<div class=\"col-12\">\n\t\t\t\t\t<div class=\"faq-item mb-4 pb-4\">\n\t\t\t\t\t\t<b>Qu\u2019est-ce qui peut causer l\u2019apparition de moisissures dans les emballages endommag\u00e9s? <\/b>\n\t\t\t\t\t\t<div class=\"faq-answer mt-4\">\n\t\t\t\t\t\t\tSi un emballage est endommag\u00e9, le produit peut devenir trop expos\u00e9 \u00e0 l\u2019air. Les moisissures qui pourraient se former sont des moisissures alimentaires courantes, semblables \u00e0 ce qui peut arriver avec les fruits frais qui sont trop expos\u00e9s \u00e0 l\u2019air. Pour aider \u00e0 assurer la fra\u00eecheur des produits, nous vous recommandons de r\u00e9frig\u00e9rer votre gourde apr\u00e8s l\u2019ouverture et de la consommer dans les 24 heures. Si vous pensez voir de la moisissure dans votre gourde Gogo squeeZ<sup>\u00ae<\/sup>, ne la consommez pas. Conservez la gourde et t\u00e9l\u00e9phonez-nous au 1-888-677-8339, envoyez-nous un courriel ou utilisez notre formulaire Contactez-nous afin que nous puissions vous aider.     \t\t\t\t\t\t<\/div>\n\t\t\t\t\t<\/div>\n\t\t\t\t<\/div>\n\t\t\t<\/div>\t\t\t\t<div class=\"row\">\n\t\t\t\t<div class=\"col-12\">\n\t\t\t\t\t<div class=\"faq-item mb-4 pb-4\">\n\t\t\t\t\t\t<b>Que fait GoGo squeeZ<sup>\u00ae<\/sup> pour emp\u00eacher la formation de moisissures dans ses produits? <\/b>\n\t\t\t\t\t\t<div class=\"faq-answer mt-4\">\n\t\t\t\t\t\t\tSoyez assur\u00e9s que rien n\u2019est plus important pour nous que la qualit\u00e9 et la salubrit\u00e9 de nos produits ainsi que la satisfaction de notre client\u00e8le. C\u2019est pourquoi nous mettons en \u0153uvre de rigoureux processus pour nous assurer que nos produits r\u00e9pondent aux normes les plus \u00e9lev\u00e9es en mati\u00e8re de qualit\u00e9 lorsqu\u2019ils quittent nos installations. En plus de nos normes scrupuleuses de contr\u00f4le de la qualit\u00e9, tous nos sites de production ont en place un syst\u00e8me de gestion de la qualit\u00e9 afin de favoriser l\u2019am\u00e9lioration continue et d\u2019identifier et mettre en \u0153uvre des mesures pr\u00e9ventives de contr\u00f4le pour prot\u00e9ger la salubrit\u00e9 et la qualit\u00e9 des aliments lors des processus de production et de pr\u00e9paration. Si vous pensez voir de la moisissure dans votre gourde Gogo squeeZ<sup>\u00ae<\/sup>, ne la consommez pas. Conservez la gourde et t\u00e9l\u00e9phonez-nous au 1-888-677-8339, envoyez-nous un courriel ou utilisez notre formulaire Contactez-nous afin que nous puissions vous aider.     \t\t\t\t\t\t<\/div>\n\t\t\t\t\t<\/div>\n\t\t\t\t<\/div>\n\t\t\t<\/div>\t\t\t\t\t\t\t<\/div>\n\t\t<\/div>\n\t\t\t<div class=\"row justify-content-center\">\n\t\t\t<div class=\"col-12 col-sm-8\">\n\t\t\t\t<h2 class=\"text-center\">Divers<\/h2>\n\t\t\t\t<div class=\"row\">\n\t\t\t\t<div class=\"col-12\">\n\t\t\t\t\t<div class=\"faq-item mb-4 pb-4\">\n\t\t\t\t\t\t<b>J\u2019aimerais que GoGo squeeZ<sup>\u00ae<\/sup> fasse un don\/ commandite mon \u00e9v\u00e9nement. \u00c0 qui devrais-je parler? <\/b>\n\t\t\t\t\t\t<div class=\"faq-answer mt-4\">\n\t\t\t\t\t\t\tJe vous remercie de votre int\u00e9r\u00eat pour GoGo squeeZ<sup>\u00ae<\/sup>! Nous sommes profond\u00e9ment pr\u00e9occup\u00e9s par la crise mondiale que la COVID-19 a cr\u00e9\u00e9 et nous nous effor\u00e7ons d\u2019offrir toute l\u2019aide qui nous est possible aux enfants et \u00e0 leur famille lors de ces moments difficiles. Alors que l\u2019ins\u00e9curit\u00e9 alimentaire se fait de plus en plus ressentir partout au Canada en raison du virus, nous recevons un volume \u00e9lev\u00e9 de demandes pour des dons de produits et nous faisons de notre mieux pour satisfaire le plus de personnes possible.  \t\t\t\t\t\t<\/div>\n\t\t\t\t\t<\/div>\n\t\t\t\t<\/div>\n\t\t\t<\/div>\t\t\t\t\t\t\t<\/div>\n\t\t<\/div>\n\t\t<\/div>\n<\/section><div style=\"height: 150px; background-color: #f9f6f1\" class=\"\">\n<\/div>","protected":false},"excerpt":{"rendered":"","protected":false},"author":1,"featured_media":0,"parent":0,"menu_order":0,"comment_status":"closed","ping_status":"closed","template":"","meta":{"_acf_changed":false,"inline_featured_image":false,"footnotes":""},"class_list":["post-7568","page","type-page","status-publish","hentry"],"acf":[],"yoast_head":"<!-- This site is optimized with the Yoast SEO Premium plugin v27.2 (Yoast SEO v27.4) - https:\/\/yoast.com\/product\/yoast-seo-premium-wordpress\/ -->\n<title>FAQ - GoGo squeeZ\u00ae<\/title>\n<meta name=\"robots\" content=\"index, follow, max-snippet:-1, max-image-preview:large, max-video-preview:-1\" \/>\n<link rel=\"canonical\" href=\"https:\/\/gogosqueez.ca\/fr\/faq\/\" \/>\n<meta property=\"og:locale\" content=\"fr_FR\" \/>\n<meta property=\"og:type\" content=\"article\" \/>\n<meta property=\"og:title\" content=\"FAQ\" \/>\n<meta property=\"og:url\" content=\"https:\/\/gogosqueez.ca\/fr\/faq\/\" \/>\n<meta property=\"og:site_name\" content=\"GoGo squeeZ\u00ae\" \/>\n<meta property=\"article:publisher\" content=\"https:\/\/www.facebook.com\/GoGosqueeZCanada\/\" \/>\n<meta property=\"article:modified_time\" content=\"2022-02-03T21:29:47+00:00\" \/>\n<meta name=\"twitter:card\" content=\"summary_large_image\" \/>\n<script type=\"application\/ld+json\" class=\"yoast-schema-graph\">{\"@context\":\"https:\\\/\\\/schema.org\",\"@graph\":[{\"@type\":\"WebPage\",\"@id\":\"https:\\\/\\\/gogosqueez.ca\\\/fr\\\/faq\\\/\",\"url\":\"https:\\\/\\\/gogosqueez.ca\\\/fr\\\/faq\\\/\",\"name\":\"FAQ - GoGo squeeZ\u00ae\",\"isPartOf\":{\"@id\":\"https:\\\/\\\/gogosqueez.ca\\\/fr\\\/#website\"},\"datePublished\":\"2021-12-21T05:39:36+00:00\",\"dateModified\":\"2022-02-03T21:29:47+00:00\",\"breadcrumb\":{\"@id\":\"https:\\\/\\\/gogosqueez.ca\\\/fr\\\/faq\\\/#breadcrumb\"},\"inLanguage\":\"fr-FR\",\"potentialAction\":[{\"@type\":\"ReadAction\",\"target\":[\"https:\\\/\\\/gogosqueez.ca\\\/fr\\\/faq\\\/\"]}]},{\"@type\":\"BreadcrumbList\",\"@id\":\"https:\\\/\\\/gogosqueez.ca\\\/fr\\\/faq\\\/#breadcrumb\",\"itemListElement\":[{\"@type\":\"ListItem\",\"position\":1,\"name\":\"Home\",\"item\":\"https:\\\/\\\/gogosqueez.ca\\\/fr\\\/\"},{\"@type\":\"ListItem\",\"position\":2,\"name\":\"FAQ\"}]},{\"@type\":\"WebSite\",\"@id\":\"https:\\\/\\\/gogosqueez.ca\\\/fr\\\/#website\",\"url\":\"https:\\\/\\\/gogosqueez.ca\\\/fr\\\/\",\"name\":\"GoGo squeeZ\u00ae Canada\",\"description\":\"Fuel Their Next Adventure\",\"publisher\":{\"@id\":\"https:\\\/\\\/gogosqueez.ca\\\/fr\\\/#organization\"},\"potentialAction\":[{\"@type\":\"SearchAction\",\"target\":{\"@type\":\"EntryPoint\",\"urlTemplate\":\"https:\\\/\\\/gogosqueez.ca\\\/fr\\\/?s={search_term_string}\"},\"query-input\":{\"@type\":\"PropertyValueSpecification\",\"valueRequired\":true,\"valueName\":\"search_term_string\"}}],\"inLanguage\":\"fr-FR\"},{\"@type\":\"Organization\",\"@id\":\"https:\\\/\\\/gogosqueez.ca\\\/fr\\\/#organization\",\"name\":\"GoGo squeeZ\u00ae Canada\",\"url\":\"https:\\\/\\\/gogosqueez.ca\\\/fr\\\/\",\"logo\":{\"@type\":\"ImageObject\",\"inLanguage\":\"fr-FR\",\"@id\":\"https:\\\/\\\/gogosqueez.ca\\\/fr\\\/#\\\/schema\\\/logo\\\/image\\\/\",\"url\":\"https:\\\/\\\/gogosqueez.ca\\\/wp-content\\\/uploads\\\/2024\\\/02\\\/GoGo_Logo.webp\",\"contentUrl\":\"https:\\\/\\\/gogosqueez.ca\\\/wp-content\\\/uploads\\\/2024\\\/02\\\/GoGo_Logo.webp\",\"width\":622,\"height\":298,\"caption\":\"GoGo squeeZ\u00ae Canada\"},\"image\":{\"@id\":\"https:\\\/\\\/gogosqueez.ca\\\/fr\\\/#\\\/schema\\\/logo\\\/image\\\/\"},\"sameAs\":[\"https:\\\/\\\/www.facebook.com\\\/GoGosqueeZCanada\\\/\",\"https:\\\/\\\/www.instagram.com\\\/gogosqueezcanada\\\/\",\"https:\\\/\\\/www.pinterest.ca\\\/GoGosqueeZCanada\\\/\"]}]}<\/script>\n<!-- \/ Yoast SEO Premium plugin. -->","yoast_head_json":{"title":"FAQ - GoGo squeeZ\u00ae","robots":{"index":"index","follow":"follow","max-snippet":"max-snippet:-1","max-image-preview":"max-image-preview:large","max-video-preview":"max-video-preview:-1"},"canonical":"https:\/\/gogosqueez.ca\/fr\/faq\/","og_locale":"fr_FR","og_type":"article","og_title":"FAQ","og_url":"https:\/\/gogosqueez.ca\/fr\/faq\/","og_site_name":"GoGo squeeZ\u00ae","article_publisher":"https:\/\/www.facebook.com\/GoGosqueeZCanada\/","article_modified_time":"2022-02-03T21:29:47+00:00","twitter_card":"summary_large_image","schema":{"@context":"https:\/\/schema.org","@graph":[{"@type":"WebPage","@id":"https:\/\/gogosqueez.ca\/fr\/faq\/","url":"https:\/\/gogosqueez.ca\/fr\/faq\/","name":"FAQ - GoGo squeeZ\u00ae","isPartOf":{"@id":"https:\/\/gogosqueez.ca\/fr\/#website"},"datePublished":"2021-12-21T05:39:36+00:00","dateModified":"2022-02-03T21:29:47+00:00","breadcrumb":{"@id":"https:\/\/gogosqueez.ca\/fr\/faq\/#breadcrumb"},"inLanguage":"fr-FR","potentialAction":[{"@type":"ReadAction","target":["https:\/\/gogosqueez.ca\/fr\/faq\/"]}]},{"@type":"BreadcrumbList","@id":"https:\/\/gogosqueez.ca\/fr\/faq\/#breadcrumb","itemListElement":[{"@type":"ListItem","position":1,"name":"Home","item":"https:\/\/gogosqueez.ca\/fr\/"},{"@type":"ListItem","position":2,"name":"FAQ"}]},{"@type":"WebSite","@id":"https:\/\/gogosqueez.ca\/fr\/#website","url":"https:\/\/gogosqueez.ca\/fr\/","name":"GoGo squeeZ\u00ae Canada","description":"Fuel Their Next Adventure","publisher":{"@id":"https:\/\/gogosqueez.ca\/fr\/#organization"},"potentialAction":[{"@type":"SearchAction","target":{"@type":"EntryPoint","urlTemplate":"https:\/\/gogosqueez.ca\/fr\/?s={search_term_string}"},"query-input":{"@type":"PropertyValueSpecification","valueRequired":true,"valueName":"search_term_string"}}],"inLanguage":"fr-FR"},{"@type":"Organization","@id":"https:\/\/gogosqueez.ca\/fr\/#organization","name":"GoGo squeeZ\u00ae Canada","url":"https:\/\/gogosqueez.ca\/fr\/","logo":{"@type":"ImageObject","inLanguage":"fr-FR","@id":"https:\/\/gogosqueez.ca\/fr\/#\/schema\/logo\/image\/","url":"https:\/\/gogosqueez.ca\/wp-content\/uploads\/2024\/02\/GoGo_Logo.webp","contentUrl":"https:\/\/gogosqueez.ca\/wp-content\/uploads\/2024\/02\/GoGo_Logo.webp","width":622,"height":298,"caption":"GoGo squeeZ\u00ae Canada"},"image":{"@id":"https:\/\/gogosqueez.ca\/fr\/#\/schema\/logo\/image\/"},"sameAs":["https:\/\/www.facebook.com\/GoGosqueeZCanada\/","https:\/\/www.instagram.com\/gogosqueezcanada\/","https:\/\/www.pinterest.ca\/GoGosqueeZCanada\/"]}]}},"_links":{"self":[{"href":"https:\/\/gogosqueez.ca\/fr\/wp-json\/wp\/v2\/pages\/7568","targetHints":{"allow":["GET"]}}],"collection":[{"href":"https:\/\/gogosqueez.ca\/fr\/wp-json\/wp\/v2\/pages"}],"about":[{"href":"https:\/\/gogosqueez.ca\/fr\/wp-json\/wp\/v2\/types\/page"}],"author":[{"embeddable":true,"href":"https:\/\/gogosqueez.ca\/fr\/wp-json\/wp\/v2\/users\/1"}],"replies":[{"embeddable":true,"href":"https:\/\/gogosqueez.ca\/fr\/wp-json\/wp\/v2\/comments?post=7568"}],"version-history":[{"count":0,"href":"https:\/\/gogosqueez.ca\/fr\/wp-json\/wp\/v2\/pages\/7568\/revisions"}],"wp:attachment":[{"href":"https:\/\/gogosqueez.ca\/fr\/wp-json\/wp\/v2\/media?parent=7568"}],"curies":[{"name":"wp","href":"https:\/\/api.w.org\/{rel}","templated":true}]}}